{"id":4969,"date":"2021-10-29T12:17:40","date_gmt":"2021-10-29T12:17:40","guid":{"rendered":"https:\/\/sanjudastadeo.io\/wordpress\/?post_type=product&#038;p=4969"},"modified":"2025-08-24T10:31:44","modified_gmt":"2025-08-24T10:31:44","slug":"el-mesias-21x30cm","status":"publish","type":"product","link":"https:\/\/sanjudastadeo.io\/wordpress\/product\/el-mesias-21x30cm\/","title":{"rendered":"El Mes\u00edas 21x30cm"},"content":{"rendered":"","protected":false},"excerpt":{"rendered":"<p>Esta l\u00e1mina es una fiel representaci\u00f3n de Jes\u00fas durante su crucifixi\u00f3n. La madre de San Judas, Mar\u00eda de Cleof\u00e1s, fue una de las tres mujeres junto a la Virgen Mar\u00eda y Mar\u00eda de Magdalena, que estuvo al pie de la cruz durante la crucifixi\u00f3n. \u00a0Fue tras su muerte cuando San Judas y su hermano Sim\u00f3n comenzaron a predicar su evangelio.<\/p>\n<p>L\u00e1mina \u00fanica, serializada, de dise\u00f1o exclusivo de la colecci\u00f3n S\u00e9foris dedicada a San Judas Tadeo.<\/p>\n<p>El pedido incluye lamina impresa en papel de 250 gramos de 21x30cm, carpeta, estampita y certificado de autenticidad.<\/p>\n<p>La colecci\u00f3n S\u00e9foris la componen 12 l\u00e1minas y se inspira en la antigua capital de Galilea donde naci\u00f3 San Judas Tadeo.<\/p>\n<p>El precio incluye los gastos de env\u00edo incluidos para los pa\u00edses de la UE y M\u00e9xico. Marcos NO incluidos.<\/p>\n","protected":false},"featured_media":4971,"template":"","meta":[],"product_brand":[],"product_cat":[77],"product_tag":[],"class_list":{"0":"post-4969","1":"product","2":"type-product","3":"status-publish","4":"has-post-thumbnail","6":"product_cat-lamina_seforis","8":"first","9":"instock","10":"shipping-taxable","11":"purchasable","12":"product-type-simple"},"_links":{"self":[{"href":"https:\/\/sanjudastadeo.io\/wordpress\/wp-json\/wp\/v2\/product\/4969","targetHints":{"allow":["GET"]}}],"collection":[{"href":"https:\/\/sanjudastadeo.io\/wordpress\/wp-json\/wp\/v2\/product"}],"about":[{"href":"https:\/\/sanjudastadeo.io\/wordpress\/wp-json\/wp\/v2\/types\/product"}],"wp:featuredmedia":[{"embeddable":true,"href":"https:\/\/sanjudastadeo.io\/wordpress\/wp-json\/wp\/v2\/media\/4971"}],"wp:attachment":[{"href":"https:\/\/sanjudastadeo.io\/wordpress\/wp-json\/wp\/v2\/media?parent=4969"}],"wp:term":[{"taxonomy":"product_brand","embeddable":true,"href":"https:\/\/sanjudastadeo.io\/wordpress\/wp-json\/wp\/v2\/product_brand?post=4969"},{"taxonomy":"product_cat","embeddable":true,"href":"https:\/\/sanjudastadeo.io\/wordpress\/wp-json\/wp\/v2\/product_cat?post=4969"},{"taxonomy":"product_tag","embeddable":true,"href":"https:\/\/sanjudastadeo.io\/wordpress\/wp-json\/wp\/v2\/product_tag?post=4969"}],"curies":[{"name":"wp","href":"https:\/\/api.w.org\/{rel}","templated":true}]}}