{"id":4967,"date":"2021-10-29T12:16:21","date_gmt":"2021-10-29T12:16:21","guid":{"rendered":"https:\/\/sanjudastadeo.io\/wordpress\/?post_type=product&#038;p=4967"},"modified":"2025-08-24T10:31:27","modified_gmt":"2025-08-24T10:31:27","slug":"peticion-21x30cm","status":"publish","type":"product","link":"https:\/\/sanjudastadeo.io\/wordpress\/product\/peticion-21x30cm\/","title":{"rendered":"Petici\u00f3n 21x30cm"},"content":{"rendered":"","protected":false},"excerpt":{"rendered":"<p>La l\u00e1mina Petici\u00f3n representa la gran devoci\u00f3n a San Judas. Considerado como Patr\u00f3n de las causas dif\u00edciles son muchos los fieles que acuden a \u00e9l para trasladarle sus peticiones y que interceda ante el Se\u00f1or.<\/p>\n<p>L\u00e1mina \u00fanica, serializada, de dise\u00f1o exclusivo de la colecci\u00f3n S\u00e9foris dedicada a San Judas Tadeo.<\/p>\n<p>El pedido incluye lamina impresa en papel de 300 gramos de 21x30cm, carpeta, estampita y certificado de autenticidad.<\/p>\n<p>La colecci\u00f3n S\u00e9foris la componen 12 l\u00e1minas y se inspira en la antigua capital de Galilea donde naci\u00f3 San Judas Tadeo.<\/p>\n<p>El precio incluye los gastos de env\u00edo incluidos para los pa\u00edses de la UE y M\u00e9xico. Marcos NO incluidos.<\/p>\n","protected":false},"featured_media":4968,"template":"","meta":[],"product_brand":[],"product_cat":[77],"product_tag":[],"class_list":{"0":"post-4967","1":"product","2":"type-product","3":"status-publish","4":"has-post-thumbnail","6":"product_cat-lamina_seforis","8":"first","9":"instock","10":"shipping-taxable","11":"purchasable","12":"product-type-simple"},"_links":{"self":[{"href":"https:\/\/sanjudastadeo.io\/wordpress\/wp-json\/wp\/v2\/product\/4967","targetHints":{"allow":["GET"]}}],"collection":[{"href":"https:\/\/sanjudastadeo.io\/wordpress\/wp-json\/wp\/v2\/product"}],"about":[{"href":"https:\/\/sanjudastadeo.io\/wordpress\/wp-json\/wp\/v2\/types\/product"}],"wp:featuredmedia":[{"embeddable":true,"href":"https:\/\/sanjudastadeo.io\/wordpress\/wp-json\/wp\/v2\/media\/4968"}],"wp:attachment":[{"href":"https:\/\/sanjudastadeo.io\/wordpress\/wp-json\/wp\/v2\/media?parent=4967"}],"wp:term":[{"taxonomy":"product_brand","embeddable":true,"href":"https:\/\/sanjudastadeo.io\/wordpress\/wp-json\/wp\/v2\/product_brand?post=4967"},{"taxonomy":"product_cat","embeddable":true,"href":"https:\/\/sanjudastadeo.io\/wordpress\/wp-json\/wp\/v2\/product_cat?post=4967"},{"taxonomy":"product_tag","embeddable":true,"href":"https:\/\/sanjudastadeo.io\/wordpress\/wp-json\/wp\/v2\/product_tag?post=4967"}],"curies":[{"name":"wp","href":"https:\/\/api.w.org\/{rel}","templated":true}]}}