{"id":4965,"date":"2021-10-29T12:14:35","date_gmt":"2021-10-29T12:14:35","guid":{"rendered":"https:\/\/sanjudastadeo.io\/wordpress\/?post_type=product&#038;p=4965"},"modified":"2025-08-24T10:32:11","modified_gmt":"2025-08-24T10:32:11","slug":"virgen-maria-21x30cm","status":"publish","type":"product","link":"https:\/\/sanjudastadeo.io\/wordpress\/product\/virgen-maria-21x30cm\/","title":{"rendered":"Virgen Mar\u00eda 21x30cm"},"content":{"rendered":"","protected":false},"excerpt":{"rendered":"<p>La l\u00e1mina \u201cVirgen Mar\u00eda\u201d representa el estrecho v\u00ednculo entre la madre de San Judas, Mar\u00eda de Cleof\u00e1s y la Virgen Mar\u00eda. Aunque no est\u00e1 del todo claro su parentesco, en algunos escritos se les menciona como hermanas y en otros como primas, tan fuerte era su relaci\u00f3n que fue Mar\u00eda de Cleof\u00e1s junto a Mar\u00eda Magdalena qui\u00e9n acompa\u00f1\u00f3 a la Virgen durante la crucifixi\u00f3n de Jes\u00fas.<\/p>\n<p>Lamina \u00fanica, serializada, de dise\u00f1o exclusivo de la colecci\u00f3n S\u00e9foris dedicada a San Judas Tadeo.<\/p>\n<p>El pedido incluye lamina impresa en papel de 300 gramos de 21x30cm, carpeta, estampita y certificado de autenticidad.<\/p>\n<p>La colecci\u00f3n S\u00e9foris la componen 12 laminas y se inspira en la antigua capital de Galilea donde naci\u00f3 San Judas Tadeo.<\/p>\n<p>El precio incluye los gastos de env\u00edo incluidos para los pa\u00edses de la UE y M\u00e9xico. Marcos NO incluidos.<\/p>\n","protected":false},"featured_media":4966,"template":"","meta":[],"product_brand":[],"product_cat":[77],"product_tag":[],"class_list":{"0":"post-4965","1":"product","2":"type-product","3":"status-publish","4":"has-post-thumbnail","6":"product_cat-lamina_seforis","8":"first","9":"instock","10":"shipping-taxable","11":"purchasable","12":"product-type-simple"},"_links":{"self":[{"href":"https:\/\/sanjudastadeo.io\/wordpress\/wp-json\/wp\/v2\/product\/4965","targetHints":{"allow":["GET"]}}],"collection":[{"href":"https:\/\/sanjudastadeo.io\/wordpress\/wp-json\/wp\/v2\/product"}],"about":[{"href":"https:\/\/sanjudastadeo.io\/wordpress\/wp-json\/wp\/v2\/types\/product"}],"wp:featuredmedia":[{"embeddable":true,"href":"https:\/\/sanjudastadeo.io\/wordpress\/wp-json\/wp\/v2\/media\/4966"}],"wp:attachment":[{"href":"https:\/\/sanjudastadeo.io\/wordpress\/wp-json\/wp\/v2\/media?parent=4965"}],"wp:term":[{"taxonomy":"product_brand","embeddable":true,"href":"https:\/\/sanjudastadeo.io\/wordpress\/wp-json\/wp\/v2\/product_brand?post=4965"},{"taxonomy":"product_cat","embeddable":true,"href":"https:\/\/sanjudastadeo.io\/wordpress\/wp-json\/wp\/v2\/product_cat?post=4965"},{"taxonomy":"product_tag","embeddable":true,"href":"https:\/\/sanjudastadeo.io\/wordpress\/wp-json\/wp\/v2\/product_tag?post=4965"}],"curies":[{"name":"wp","href":"https:\/\/api.w.org\/{rel}","templated":true}]}}