{"id":4963,"date":"2021-10-29T12:11:03","date_gmt":"2021-10-29T12:11:03","guid":{"rendered":"https:\/\/sanjudastadeo.io\/wordpress\/?post_type=product&#038;p=4963"},"modified":"2025-08-24T10:32:42","modified_gmt":"2025-08-24T10:32:42","slug":"san-judas-tadeo-21x30cm","status":"publish","type":"product","link":"https:\/\/sanjudastadeo.io\/wordpress\/product\/san-judas-tadeo-21x30cm\/","title":{"rendered":"San Judas Tadeo 21x30cm"},"content":{"rendered":"","protected":false},"excerpt":{"rendered":"<p>Esta l\u00e1mina muestra una representaci\u00f3n de la figura de San Judas Tadeo. Destaca la llama sobre su cabeza, que representa su fe y contacto con lo divino, y el medall\u00f3n que sostiene sobre su mano derecha, una efigie de Jes\u00fas.<\/p>\n<p>L\u00e1mina \u00fanica, serializada, de dise\u00f1o exclusivo de la colecci\u00f3n S\u00e9foris dedicada a San Judas Tadeo.<\/p>\n<p>El pedido incluye lamina impresa en papel de 300 gramos de 21x30cm, carpeta, estampita y certificado de autenticidad.<\/p>\n<p>La colecci\u00f3n S\u00e9foris la componen 12 l\u00e1minas y se inspira en la antigua capital de Galilea donde naci\u00f3 San Judas Tadeo.<\/p>\n<p>El precio incluye los gastos de env\u00edo incluidos para los pa\u00edses de la UE y M\u00e9xico. Marcos NO incluidos.<\/p>\n","protected":false},"featured_media":4964,"template":"","meta":[],"product_brand":[],"product_cat":[77],"product_tag":[],"class_list":{"0":"post-4963","1":"product","2":"type-product","3":"status-publish","4":"has-post-thumbnail","6":"product_cat-lamina_seforis","8":"first","9":"instock","10":"shipping-taxable","11":"purchasable","12":"product-type-simple"},"_links":{"self":[{"href":"https:\/\/sanjudastadeo.io\/wordpress\/wp-json\/wp\/v2\/product\/4963","targetHints":{"allow":["GET"]}}],"collection":[{"href":"https:\/\/sanjudastadeo.io\/wordpress\/wp-json\/wp\/v2\/product"}],"about":[{"href":"https:\/\/sanjudastadeo.io\/wordpress\/wp-json\/wp\/v2\/types\/product"}],"wp:featuredmedia":[{"embeddable":true,"href":"https:\/\/sanjudastadeo.io\/wordpress\/wp-json\/wp\/v2\/media\/4964"}],"wp:attachment":[{"href":"https:\/\/sanjudastadeo.io\/wordpress\/wp-json\/wp\/v2\/media?parent=4963"}],"wp:term":[{"taxonomy":"product_brand","embeddable":true,"href":"https:\/\/sanjudastadeo.io\/wordpress\/wp-json\/wp\/v2\/product_brand?post=4963"},{"taxonomy":"product_cat","embeddable":true,"href":"https:\/\/sanjudastadeo.io\/wordpress\/wp-json\/wp\/v2\/product_cat?post=4963"},{"taxonomy":"product_tag","embeddable":true,"href":"https:\/\/sanjudastadeo.io\/wordpress\/wp-json\/wp\/v2\/product_tag?post=4963"}],"curies":[{"name":"wp","href":"https:\/\/api.w.org\/{rel}","templated":true}]}}