{"id":4781,"date":"2021-10-26T11:58:44","date_gmt":"2021-10-26T11:58:44","guid":{"rendered":"https:\/\/sanjudastadeo.io\/wordpress\/?post_type=product&#038;p=4781"},"modified":"2025-08-24T10:30:06","modified_gmt":"2025-08-24T10:30:06","slug":"pack-4-pulseras-2-estampitas","status":"publish","type":"product","link":"https:\/\/sanjudastadeo.io\/wordpress\/product\/pack-4-pulseras-2-estampitas\/","title":{"rendered":"Pack 4 Pulseras + 2 Estampitas"},"content":{"rendered":"","protected":false},"excerpt":{"rendered":"<p>Pack de 4 pulseras de tela bordadas de San Judas Tadeo\u00a0 y 2 estampitas exclusivas pertenecientes a la colecci\u00f3n S\u00e9foris dedicada a San Judas Tadeo.<\/p>\n<p>El pedido incluye 4 pulseras, una de cada color (azul, rojo, rosa y verde) y 2 estampitas de la colecci\u00f3n S\u00e9foris.<\/p>\n<p>La colecci\u00f3n S\u00e9foris la componen 12 l\u00e1minas y se inspira en la antigua capital de Galilea donde naci\u00f3 San Judas Tadeo.<\/p>\n<p>El precio incluye los gastos de env\u00edo incluidos para los pa\u00edses de la UE y M\u00e9xico. El env\u00edo de este art\u00edculo se realiza mediante correo postal ordinario.<\/p>\n","protected":false},"featured_media":4782,"template":"","meta":[],"product_brand":[],"product_cat":[106],"product_tag":[],"class_list":{"0":"post-4781","1":"product","2":"type-product","3":"status-publish","4":"has-post-thumbnail","6":"product_cat-pulseras","8":"first","9":"instock","10":"shipping-taxable","11":"purchasable","12":"product-type-simple"},"_links":{"self":[{"href":"https:\/\/sanjudastadeo.io\/wordpress\/wp-json\/wp\/v2\/product\/4781","targetHints":{"allow":["GET"]}}],"collection":[{"href":"https:\/\/sanjudastadeo.io\/wordpress\/wp-json\/wp\/v2\/product"}],"about":[{"href":"https:\/\/sanjudastadeo.io\/wordpress\/wp-json\/wp\/v2\/types\/product"}],"wp:featuredmedia":[{"embeddable":true,"href":"https:\/\/sanjudastadeo.io\/wordpress\/wp-json\/wp\/v2\/media\/4782"}],"wp:attachment":[{"href":"https:\/\/sanjudastadeo.io\/wordpress\/wp-json\/wp\/v2\/media?parent=4781"}],"wp:term":[{"taxonomy":"product_brand","embeddable":true,"href":"https:\/\/sanjudastadeo.io\/wordpress\/wp-json\/wp\/v2\/product_brand?post=4781"},{"taxonomy":"product_cat","embeddable":true,"href":"https:\/\/sanjudastadeo.io\/wordpress\/wp-json\/wp\/v2\/product_cat?post=4781"},{"taxonomy":"product_tag","embeddable":true,"href":"https:\/\/sanjudastadeo.io\/wordpress\/wp-json\/wp\/v2\/product_tag?post=4781"}],"curies":[{"name":"wp","href":"https:\/\/api.w.org\/{rel}","templated":true}]}}