{"id":4064,"date":"2021-09-28T09:43:41","date_gmt":"2021-09-28T09:43:41","guid":{"rendered":"https:\/\/sanjudastadeo.io\/wordpress\/wordpress\/?page_id=4064"},"modified":"2021-12-05T11:18:06","modified_gmt":"2021-12-05T11:18:06","slug":"informacion-de-compra","status":"publish","type":"page","link":"https:\/\/sanjudastadeo.io\/wordpress\/informacion-de-compra\/","title":{"rendered":"Informaci\u00f3n de Compra"},"content":{"rendered":"\t\t<div data-elementor-type=\"wp-page\" data-elementor-id=\"4064\" class=\"elementor elementor-4064\" data-elementor-post-type=\"page\">\n\t\t\t\t\t\t<section class=\"elementor-section elementor-top-section elementor-element elementor-element-fdf291e elementor-section-full_width elementor-section-content-top elementor-section-stretched elementor-section-height-default elementor-section-height-default\" data-id=\"fdf291e\" data-element_type=\"section\" data-settings=\"{&quot;stretch_section&quot;:&quot;section-stretched&quot;,&quot;background_background&quot;:&quot;classic&quot;}\">\r\n\t\t\r\n\t\t\t\t\t\t\t<div class=\"elementor-container elementor-column-gap-extended\">\r\n\t\t\t\t\t\t\t\t\t\t\t<div class=\"elementor-column elementor-col-100 elementor-top-column elementor-element elementor-element-9cccac5\" data-id=\"9cccac5\" data-element_type=\"column\">\r\n\t\t\t\t\t<div class=\"elementor-widget-wrap elementor-element-populated\">\r\n\t\t\t\t\t\t\t\t<div class=\"elementor-element elementor-element-0f1073a elementor-widget elementor-widget-heading\" data-id=\"0f1073a\" data-element_type=\"widget\" data-widget_type=\"heading.default\">\n\t\t\t\t<div class=\"elementor-widget-container\">\n\t\t\t\t\t<h2 class=\"elementor-heading-title elementor-size-large\">INFORMACI\u00d3N DE COMPRA<\/h2>\t\t\t\t<\/div>\n\t\t\t\t<\/div>\n\t\t\t\t\t<\/div>\r\n\t\t\t\t<\/div>\r\n\t\t\t\t\t<\/div>\r\n\t\t\t\t<\/section>\r\n\t\t\t\t<section class=\"elementor-section elementor-top-section elementor-element elementor-element-a4ece6b elementor-section-boxed elementor-section-height-default elementor-section-height-default\" data-id=\"a4ece6b\" data-element_type=\"section\">\r\n\t\t\r\n\t\t\t\t\t\t\t<div class=\"elementor-container elementor-column-gap-default\">\r\n\t\t\t\t\t\t\t\t\t\t\t<div class=\"elementor-column elementor-col-100 elementor-top-column elementor-element elementor-element-27152e6\" data-id=\"27152e6\" data-element_type=\"column\">\r\n\t\t\t\t\t<div class=\"elementor-widget-wrap elementor-element-populated\">\r\n\t\t\t\t\t\t\t\t<div class=\"elementor-element elementor-element-d20bf8a elementor-widget elementor-widget-text-editor\" data-id=\"d20bf8a\" data-element_type=\"widget\" data-widget_type=\"text-editor.default\">\n\t\t\t\t<div class=\"elementor-widget-container\">\n\t\t\t\t\t\t\t\t\t<p><b style=\"letter-spacing: 0px; color: var( --e-global-color-text );\">1. Precio<\/b><\/p>\n<p>Todos los precios de los productos incluyen el IVA legalmente aplicable, el precio que se muestra es el precio final.<\/p>\n<p>Los precios incluyen los gastos de env\u00edo por correo Postal para pa\u00edses de la Uni\u00f3n Europea e Ibero Am\u00e9rica.<\/p>\n<p><\/p>\n<p><b>&nbsp;<\/b><\/p>\n<p><b>2. Pagos<\/b><\/p>\n<p>El pago seguro est\u00e1 garantizado a trav\u00e9s del sistema de pagos de&nbsp;<a href=\"https:\/\/www.paypal.com\/es\/home\" target=\"_blank\" rel=\"noopener\">PayPal<\/a>. Se ofrecen los siguientes m\u00e9todos de pago:<\/p>\n<p>&#8211; Pago con tarjeta<\/p>\n<p>Esta opci\u00f3n est\u00e1 disponible a trav\u00e9s de Paypal, no es necesario tener cuenta en Paypal. Una vez completado sus datos para realizar el pedido haga clic en \u00abIR A PAYPAL\u00bb, se le redirigir\u00e1 al proveedor de servicios online Paypal y deber\u00e1 hacer clic en el bot\u00f3n \u00abPAGAR CON TARJETA DE CR\u00c9DITO O D\u00c9BITO\u00bb, se le abrir\u00e1 un formulario en el que se pedir\u00e1 los datos de su tarjeta y una vez haga clic en \u00abPAGAR AHORA\u00bb su compra se habr\u00e1 realizado con \u00e9xito.<\/p>\n<p>&#8211; PayPal<\/p>\n<p>Tras confirmar su pedido, se le redirigir\u00e1 a la p\u00e1gina web del PayPal. Para poder pagar el importe de la factura a trav\u00e9s de PayPal, deber\u00e1 tener o abrirse una cuenta de PayPal, autentificarse con sus datos de acceso y confirmar la orden de pago a nuestro favor. Acto seguido, el pago se realizar\u00e1 autom\u00e1ticamente a trav\u00e9s de PayPal y su compra se habr\u00e1 realizado con \u00e9xito.<\/p>\n<p><\/p>\n<p><b>3. Env\u00edo<\/b><\/p>\n<p>Los gastos de env\u00edo est\u00e1n incluidos en el precio&nbsp;<span style=\"color: var( --e-global-color-text ); font-weight: var( --e-global-typography-text-font-weight ); letter-spacing: 0px;\">para pa\u00edses de la Uni\u00f3n Europea e Ibero Am\u00e9rica, para otros pa\u00edses hay que consultarlo previamente.<\/span><\/p>\n<p>Todos nuestros productos son enviados a por correo Postal o por mensajer\u00eda .&nbsp;El tiempo de entrega estimado es de 2 a 5 d\u00edas laborales para pa\u00edses de la Uni\u00f3n Europea y de 5 a 10 d\u00edas para Ib\u00e9roam\u00e9rica. Aquellos pa\u00edses que tengan cerradas sus aduanas por el motivo que sea no se enviaran y se devolver\u00e1 el importe pagado.<\/p>\n<p><\/p>\n<p><b>4. Devoluciones<\/b><\/p>\n<p>De acuerdo con el derecho al desistimiento de la compra cuenta con 14 d\u00edas naturales, desde la llegada del producto, para efectuar una devoluci\u00f3n. Para ello, deber\u00e1 notificar v\u00eda e-mail a tiendasanjudas[arroba]aui.es que quiere ejercer su derecho al desistimiento de la compra.<\/p>\n<p>Seguidamente, recibir\u00e1 con un correo con la confirmaci\u00f3n de la devoluci\u00f3n y las instrucciones para poder efectuarla.<\/p>\n<p>El reembolso se efectuar\u00e1 de la misma manera que se realiz\u00f3 el pago, una vez recibido y comprobado que el producto ha llegado en las mismas condiciones que fue enviado.<\/p>\n<p style=\"letter-spacing: normal;\"><span style=\"font-weight: bold;\">5. Rechazo de ordenes de compra abonados previamente<\/span><\/p>\n<p style=\"letter-spacing: normal;\">En caso de falta de stock, cierre de aduanas u otras circunstancias que impidan el env\u00edo en la semana posterior al pedido AUI se reserva el derecho de rechazar la orden de compra o pedido y a devolver el importe integro abonado por el comprador si que haya derecho a reclamar ninguna indemnizaci\u00f3n.<\/p>\n<p><\/p>\n<p><b>6. Acci\u00f3n Social<\/b><\/p>\n<p>Nuestros objetivos son difundir la obra y figura de San Judas Tadeo a trav\u00e9s de Internet, acercar su figura a los que tienen dificultades para ir a las iglesias donde se le venera y desarrollar una acci\u00f3n social a trav\u00e9s de las parroquias con los beneficios que se obtienen a trav\u00e9s de las compras en la tienda o de las donaciones desinteresadas.<\/p>\n<p>Esta acci\u00f3n social se desarrollar\u00e1 en proyectos de ayuda que se canalizar\u00e1n a trav\u00e9s de las parroquias de San Judas Tadeo de todo el mundo y que se dar\u00e1n a conocer cada a\u00f1o el 28 de Octubre, coincidiendo con la celebraci\u00f3n del d\u00eda de San Judas Tadeo.<\/p>\n<p><\/p>\n<p><b>7. Datos de Contacto<\/b><\/p>\n<p style=\"letter-spacing: normal;\">\u00ab<a href=\"\/home\" target=\"_blank\" rel=\"noopener\">WWW.SANJUDASTADEO.IO<\/a>\u00bb es una iniciativa de la ASOCIACI\u00d3N DE USUARIOS DE INTERNET (AUI) inscrita en el Registro nacional de Asociaciones Ministerio de Interior de Espa\u00f1a, en Julio de 1995, con el n\u00famero de registro 1603.095 y con el CIF G-81235996.<\/p>\n<p style=\"letter-spacing: normal;\">Puedes contactarnos a trav\u00e9s de nuestras redes sociales (@sanjudas.io), mediante correo electr\u00f3nico (sanjudastadeo[@]aui.es) o en esta direcci\u00f3n postal&nbsp;<span style=\"letter-spacing: 0px; color: var( --e-global-color-text ); font-weight: var( --e-global-typography-text-font-weight );\">Apdo. de Correos 29136 \u2013 28080 Madrid (SPAIN).<\/span><\/p>\t\t\t\t\t\t\t\t<\/div>\n\t\t\t\t<\/div>\n\t\t\t\t\t<\/div>\r\n\t\t\t\t<\/div>\r\n\t\t\t\t\t<\/div>\r\n\t\t\t\t<\/section>\r\n\t\t\t\t<\/div>\n\t\t","protected":false},"excerpt":{"rendered":"<p>INFORMACI\u00d3N DE COMPRA 1. Precio Todos los precios de los productos incluyen el IVA legalmente aplicable, el precio que se muestra es el precio final. Los precios incluyen los gastos de env\u00edo por correo Postal para pa\u00edses de la Uni\u00f3n Europea e Ibero Am\u00e9rica. &nbsp; 2. Pagos El pago seguro est\u00e1 garantizado a trav\u00e9s del [&hellip;]<\/p>\n","protected":false},"author":2,"featured_media":0,"parent":0,"menu_order":0,"comment_status":"closed","ping_status":"closed","template":"","meta":{"footnotes":""},"class_list":["post-4064","page","type-page","status-publish","hentry"],"_links":{"self":[{"href":"https:\/\/sanjudastadeo.io\/wordpress\/wp-json\/wp\/v2\/pages\/4064","targetHints":{"allow":["GET"]}}],"collection":[{"href":"https:\/\/sanjudastadeo.io\/wordpress\/wp-json\/wp\/v2\/pages"}],"about":[{"href":"https:\/\/sanjudastadeo.io\/wordpress\/wp-json\/wp\/v2\/types\/page"}],"author":[{"embeddable":true,"href":"https:\/\/sanjudastadeo.io\/wordpress\/wp-json\/wp\/v2\/users\/2"}],"replies":[{"embeddable":true,"href":"https:\/\/sanjudastadeo.io\/wordpress\/wp-json\/wp\/v2\/comments?post=4064"}],"version-history":[{"count":43,"href":"https:\/\/sanjudastadeo.io\/wordpress\/wp-json\/wp\/v2\/pages\/4064\/revisions"}],"predecessor-version":[{"id":5518,"href":"https:\/\/sanjudastadeo.io\/wordpress\/wp-json\/wp\/v2\/pages\/4064\/revisions\/5518"}],"wp:attachment":[{"href":"https:\/\/sanjudastadeo.io\/wordpress\/wp-json\/wp\/v2\/media?parent=4064"}],"curies":[{"name":"wp","href":"https:\/\/api.w.org\/{rel}","templated":true}]}}