{"id":2201,"date":"2021-07-19T10:51:47","date_gmt":"2021-07-19T10:51:47","guid":{"rendered":"https:\/\/sanjudastadeo.io\/wordpress\/wordpress\/?page_id=2201"},"modified":"2021-12-05T11:24:47","modified_gmt":"2021-12-05T11:24:47","slug":"quienes-somos","status":"publish","type":"page","link":"https:\/\/sanjudastadeo.io\/wordpress\/quienes-somos\/","title":{"rendered":"\u00bfQui\u00e9nes somos?"},"content":{"rendered":"\t\t<div data-elementor-type=\"wp-page\" data-elementor-id=\"2201\" class=\"elementor elementor-2201\" data-elementor-post-type=\"page\">\n\t\t\t\t\t\t<section class=\"elementor-section elementor-top-section elementor-element elementor-element-bab2292 elementor-section-full_width elementor-section-content-top elementor-section-stretched elementor-section-height-default elementor-section-height-default\" data-id=\"bab2292\" data-element_type=\"section\" data-settings=\"{&quot;stretch_section&quot;:&quot;section-stretched&quot;,&quot;background_background&quot;:&quot;classic&quot;}\">\r\n\t\t\r\n\t\t\t\t\t\t\t<div class=\"elementor-container elementor-column-gap-extended\">\r\n\t\t\t\t\t\t\t\t\t\t\t<div class=\"elementor-column elementor-col-100 elementor-top-column elementor-element elementor-element-5c44261\" data-id=\"5c44261\" data-element_type=\"column\">\r\n\t\t\t\t\t<div class=\"elementor-widget-wrap elementor-element-populated\">\r\n\t\t\t\t\t\t\t\t<div class=\"elementor-element elementor-element-417a480 elementor-widget elementor-widget-heading\" data-id=\"417a480\" data-element_type=\"widget\" data-widget_type=\"heading.default\">\n\t\t\t\t<div class=\"elementor-widget-container\">\n\t\t\t\t\t<h2 class=\"elementor-heading-title elementor-size-large\">\u00bfQUI\u00c9NES SOMOS?<\/h2>\t\t\t\t<\/div>\n\t\t\t\t<\/div>\n\t\t\t\t\t<\/div>\r\n\t\t\t\t<\/div>\r\n\t\t\t\t\t<\/div>\r\n\t\t\t\t<\/section>\r\n\t\t\t\t<section class=\"elementor-section elementor-top-section elementor-element elementor-element-e3cb739 elementor-section-boxed elementor-section-height-default elementor-section-height-default\" data-id=\"e3cb739\" data-element_type=\"section\">\r\n\t\t\r\n\t\t\t\t\t\t\t<div class=\"elementor-container elementor-column-gap-default\">\r\n\t\t\t\t\t\t\t\t\t\t\t<div class=\"elementor-column elementor-col-100 elementor-top-column elementor-element elementor-element-16ec788\" data-id=\"16ec788\" data-element_type=\"column\">\r\n\t\t\t\t\t<div class=\"elementor-widget-wrap elementor-element-populated\">\r\n\t\t\t\t\t\t\t\t<div class=\"elementor-element elementor-element-bd25e78 elementor-widget elementor-widget-text-editor\" data-id=\"bd25e78\" data-element_type=\"widget\" data-widget_type=\"text-editor.default\">\n\t\t\t\t<div class=\"elementor-widget-container\">\n\t\t\t\t\t\t\t\t\t<p>\u00abWWW.SANJUDASTADEO.IO\u00bb es una iniciativa de la ASOCIACI\u00d3N DE USUARIOS DE INTERNET (AUI) inscrita en el Registro nacional de Asociaciones Ministerio de Interior de Espa\u00f1a en Julio de 1995, con el n\u00famero de registro 1603.095 y con el CIF G-81235996.<\/p><p>Puedes contactarnos a trav\u00e9s de nuestras redes sociales (<a href=\"https:\/\/www.facebook.com\/sanjudas.io\">Facebook<\/a> e <a href=\"https:\/\/www.instagram.com\/sanjudas.io\/?hl=es\">Instagram<\/a>), mediante correo electr\u00f3nico (sanjudastadeo[@]aui.es) o en esta direcci\u00f3n postal <span style=\"letter-spacing: 0px; color: var( --e-global-color-text ); font-weight: var( --e-global-typography-text-font-weight );\">Apdo. de Correos 29136 &#8211; 28080 Madrid (SPAIN).<\/span><\/p><p>Los <strong>objetivos<\/strong> de www.sanjudastadeo.io son:<\/p><p>&#8211; Facilitar informaci\u00f3n sobre la figura del Ap\u00f3stol San Judas Tadeo (<a href=\"https:\/\/sanjudastadeo.io\/wordpress\/historia\/\">historia<\/a>, <a href=\"https:\/\/sanjudastadeo.io\/wordpress\/oracion\/\">oraciones<\/a>, im\u00e1genes, creencias), as\u00ed como de las Iglesias lugares de culto dedicados a honrar a San Judas.<\/p><p>&#8211; Permitir expresar deseos y peticiones a trav\u00e9s de esta web acompa\u00f1adas del <a href=\"https:\/\/sanjudastadeo.io\/wordpress\/velas\/\">encendido virtual<\/a> de una vela\u00a0<span style=\"color: var( --e-global-color-text ); font-weight: var( --e-global-typography-text-font-weight ); letter-spacing: 0px;\">a San Judas<\/span><span style=\"letter-spacing: 0px; color: var( --e-global-color-text ); font-weight: var( --e-global-typography-text-font-weight );\"> para aquellas personas que no puedan desplazarse a un lugar de culto o que quieren hacerlo por Internet.<\/span><\/p><p><span style=\"letter-spacing: 0px; color: var( --e-global-color-text ); font-weight: var( --e-global-typography-text-font-weight );\">&#8211; Desarrollar la acci\u00f3n social con los m\u00e1s necesitados con los beneficios que se obtengan derivados de las donaciones y de la compra de art\u00edculos de la tienda a trav\u00e9s de las iglesias que honran al Ap\u00f3stol San Judas Tadeo<\/span><\/p>\t\t\t\t\t\t\t\t<\/div>\n\t\t\t\t<\/div>\n\t\t\t\t\t<\/div>\r\n\t\t\t\t<\/div>\r\n\t\t\t\t\t<\/div>\r\n\t\t\t\t<\/section>\r\n\t\t\t\t<\/div>\n\t\t","protected":false},"excerpt":{"rendered":"<p>\u00bfQUI\u00c9NES SOMOS? \u00abWWW.SANJUDASTADEO.IO\u00bb es una iniciativa de la ASOCIACI\u00d3N DE USUARIOS DE INTERNET (AUI) inscrita en el Registro nacional de Asociaciones Ministerio de Interior de Espa\u00f1a en Julio de 1995, con el n\u00famero de registro 1603.095 y con el CIF G-81235996. Puedes contactarnos a trav\u00e9s de nuestras redes sociales (Facebook e Instagram), mediante correo electr\u00f3nico [&hellip;]<\/p>\n","protected":false},"author":2,"featured_media":0,"parent":0,"menu_order":0,"comment_status":"closed","ping_status":"closed","template":"","meta":{"footnotes":""},"class_list":["post-2201","page","type-page","status-publish","hentry"],"_links":{"self":[{"href":"https:\/\/sanjudastadeo.io\/wordpress\/wp-json\/wp\/v2\/pages\/2201","targetHints":{"allow":["GET"]}}],"collection":[{"href":"https:\/\/sanjudastadeo.io\/wordpress\/wp-json\/wp\/v2\/pages"}],"about":[{"href":"https:\/\/sanjudastadeo.io\/wordpress\/wp-json\/wp\/v2\/types\/page"}],"author":[{"embeddable":true,"href":"https:\/\/sanjudastadeo.io\/wordpress\/wp-json\/wp\/v2\/users\/2"}],"replies":[{"embeddable":true,"href":"https:\/\/sanjudastadeo.io\/wordpress\/wp-json\/wp\/v2\/comments?post=2201"}],"version-history":[{"count":32,"href":"https:\/\/sanjudastadeo.io\/wordpress\/wp-json\/wp\/v2\/pages\/2201\/revisions"}],"predecessor-version":[{"id":5524,"href":"https:\/\/sanjudastadeo.io\/wordpress\/wp-json\/wp\/v2\/pages\/2201\/revisions\/5524"}],"wp:attachment":[{"href":"https:\/\/sanjudastadeo.io\/wordpress\/wp-json\/wp\/v2\/media?parent=2201"}],"curies":[{"name":"wp","href":"https:\/\/api.w.org\/{rel}","templated":true}]}}