{"id":2199,"date":"2021-07-19T11:15:59","date_gmt":"2021-07-19T11:15:59","guid":{"rendered":"https:\/\/sanjudastadeo.io\/wordpress\/wordpress\/?page_id=2199"},"modified":"2021-12-05T11:21:17","modified_gmt":"2021-12-05T11:21:17","slug":"condiciones-de-uso-y-privacidad","status":"publish","type":"page","link":"https:\/\/sanjudastadeo.io\/wordpress\/condiciones-de-uso-y-privacidad\/","title":{"rendered":"Condiciones de uso y Privacidad"},"content":{"rendered":"\t\t<div data-elementor-type=\"wp-page\" data-elementor-id=\"2199\" class=\"elementor elementor-2199\" data-elementor-post-type=\"page\">\n\t\t\t\t\t\t<section class=\"elementor-section elementor-top-section elementor-element elementor-element-1fb817c elementor-section-full_width elementor-section-content-top elementor-section-stretched elementor-section-height-default elementor-section-height-default\" data-id=\"1fb817c\" data-element_type=\"section\" data-settings=\"{&quot;stretch_section&quot;:&quot;section-stretched&quot;,&quot;background_background&quot;:&quot;classic&quot;}\">\r\n\t\t\r\n\t\t\t\t\t\t\t<div class=\"elementor-container elementor-column-gap-extended\">\r\n\t\t\t\t\t\t\t\t\t\t\t<div class=\"elementor-column elementor-col-100 elementor-top-column elementor-element elementor-element-cdc2f37\" data-id=\"cdc2f37\" data-element_type=\"column\">\r\n\t\t\t\t\t<div class=\"elementor-widget-wrap elementor-element-populated\">\r\n\t\t\t\t\t\t\t\t<div class=\"elementor-element elementor-element-4619bad elementor-widget elementor-widget-heading\" data-id=\"4619bad\" data-element_type=\"widget\" data-widget_type=\"heading.default\">\n\t\t\t\t<div class=\"elementor-widget-container\">\n\t\t\t\t\t<h2 class=\"elementor-heading-title elementor-size-large\">CONDICIONES DE USO Y PRIVACIDAD<\/h2>\t\t\t\t<\/div>\n\t\t\t\t<\/div>\n\t\t\t\t\t<\/div>\r\n\t\t\t\t<\/div>\r\n\t\t\t\t\t<\/div>\r\n\t\t\t\t<\/section>\r\n\t\t\t\t<section class=\"elementor-section elementor-top-section elementor-element elementor-element-3c5f8b3 elementor-section-boxed elementor-section-height-default elementor-section-height-default\" data-id=\"3c5f8b3\" data-element_type=\"section\">\r\n\t\t\r\n\t\t\t\t\t\t\t<div class=\"elementor-container elementor-column-gap-default\">\r\n\t\t\t\t\t\t\t\t\t\t\t<div class=\"elementor-column elementor-col-100 elementor-top-column elementor-element elementor-element-8b5173e\" data-id=\"8b5173e\" data-element_type=\"column\">\r\n\t\t\t\t\t<div class=\"elementor-widget-wrap elementor-element-populated\">\r\n\t\t\t\t\t\t\t\t<div class=\"elementor-element elementor-element-8f98567 elementor-widget elementor-widget-text-editor\" data-id=\"8f98567\" data-element_type=\"widget\" data-widget_type=\"text-editor.default\">\n\t\t\t\t<div class=\"elementor-widget-container\">\n\t\t\t\t\t\t\t\t\t<p>Las presentes Condiciones Generales tienen por objeto regular las condiciones de uso del Sitio Web \u201cwww.sanjudastadeo.io\u201d (en adelante, \u201cla Web\u201d), cuyo titular es la ASOCIACI\u00d3N DE USUARIOS DE INTERNET (en adelante, AUI), con CIF G-81235996. AUI est\u00e1 inscrita en el Registro nacional de Asociaciones Ministerio de Interior en Espa\u00f1a, en Julio de 1995, con el n\u00famero de registro 160.095.<\/p>\n<h6><b>Condiciones generales<\/b><\/h6>\n<p>AUI se reserva el derecho a efectuar las modificaciones que estime oportunas, pudiendo modificar, suprimir o incluir, sin previo aviso, nuevos contenidos, productos o servicios, as\u00ed como la forma en que \u00e9stos aparezcan presentados y localizados y las condiciones de uso de la web.<\/p>\n<p style=\"line-height: 16.5pt; background-image: initial; background-position: initial; background-size: initial; background-repeat: initial; background-attachment: initial; background-origin: initial; background-clip: initial;\"><span style=\"font-family: Arial, &quot;sans-serif&quot;;\">Todos los contenidos son\npropiedad de AUI, pueden ser utilizados por terceros en formato digital\n&nbsp;siempre que lo hagan con una referencia o enlace a la WEB\n(www.sanjudastadeo.io). Para su impresi\u00f3n en otros formatos (papel, grabados,\netc.) se requiere una autorizaci\u00f3n por escrito.<o:p><\/o:p><\/span><\/p>\n<p>El Usuario acepta que el acceso y uso de la web y de los contenidos incluidos en la misma tiene lugar libre y conscientemente, bajo su exclusiva responsabilidad, y en consecuencia se compromete a:<\/p>\n<p>\u2013 Respetar las creencias as\u00ed como el derecho a la intimidad y a la privacidad de los Usuarios de esta web.<\/p>\n<p>\u2013 No utilizar la web para la realizaci\u00f3n de actividades contrarias a la ley, a la moral,y al orden p\u00fablico, en general<\/p>\n<p>\u2013 Hacer un uso l\u00edcito y honrado conforme a las presentes Condiciones Generales, as\u00ed como abstenerse de realizar cualquier acto que pudiera da\u00f1ar, inutilizar, sobrecargar o deteriorar la web y\/o impedir el normal uso y utilizaci\u00f3n por parte del resto de Usuarios.<\/p>\n<p><span style=\"letter-spacing: 0px; color: var( --e-global-color-text ); font-weight: var( --e-global-typography-text-font-weight );\">&#8211; No introducir o difundir en la web, programas o datos (virus o cualquier tipo de software de car\u00e1cter nocivo) susceptibles de provocar da\u00f1os en esta o en otras webs.<\/span><\/p>\n<p>AUI no garantiza la disponibilidad y continuidad de la web ni se hace responsable de cualesquiera da\u00f1os y perjuicios puedan producirse, ni de los defectos t\u00e9cnicos, incluidos virus u otros elementos lesivos, cualquiera que sea la naturaleza, derivados del uso de la informaci\u00f3n y de las materias contenidas en la web.<\/p>\n<h6><b>&nbsp;Protecci\u00f3n y uso de los datos personales<\/b><\/h6>\n<p>Esta Web no recoge datos de car\u00e1cter personal en el proceso de encendido de las velas para preservar la privacidad y el anonimato de cuantos la utilizan o participan en ella.&nbsp; Los Usuarios que encienden una vela o que piden un deseo deben de hacerlo sin introducir, en el texto que acompa\u00f1a, datos identificativos ni datos personales.<\/p>\n<p>En la&nbsp;<a href=\"\/tienda\" target=\"_blank\" rel=\"noopener\">tienda&nbsp;<\/a>se solicitan los datos necesarios para poder enviar los productos que se adquieran (Nombre y Apellidos del destinatario, Direcci\u00f3n postal, Email y Tel\u00e9fono de contacto). Estos datos se guardan cifrados durante los seis meses siguientes a la compra del producto y luego se destruyen y no se ceden a terceros.<\/p>\n<p>En los formularios de contacto se solicita el Nombre y el email de contacto y estos datos se mantienen durante seis meses y luego se destruyen.<\/p>\n<p>Cualquier persona puede ejercer su derecho de rectificaci\u00f3n y o eliminaci\u00f3n de sus datos dirigiendo un email a privacidadsanjudastadeo[@]aui.es o enviando una carta por correo postal a AUI, Apdo postal 29136, 28080 Madrid (Spain).<\/p>\n<h6><b>Confidencialidad<\/b><\/h6>\n<p>Toda informaci\u00f3n que cualquiera de las partes comunique o facilite a la otra o a la que tengan acceso cualquiera de ellas, ser\u00e1 considerada confidencial y no podr\u00e1 ser divulgada, mostrada, reproducida, copiada, discutida con terceros, ni empleada por ninguna de las partes para fines ajenos a los que motivaron su comunicaci\u00f3n.<\/p>\n<h6><b>Uso de cookies<\/b><\/h6>\n<p>Con el objeto de prestar un mejor servicio, AUI almacena en el ordenador del Usuario peque\u00f1os ficheros de informaci\u00f3n denominados cookies, utilizados para que cuando \u00e9ste se conecte de nuevo, acceda directamente al mismo espacio de la web que visit\u00f3 en su anterior acceso, gestionar el encendido de las velas, el carrito de la compra y para la elaboraci\u00f3n de estad\u00edsticas.<\/p>\n<p>Para limitar o restringir la admisi\u00f3n de cookies en su equipo, el Usuario puede configurar su navegador a estos efectos, en cuyo caso siempre acceder\u00e1 a la web por la p\u00e1gina principal.<\/p>\n<h6><b>Plataforma de pago seguro<\/b><\/h6>\n<p>Se utilizar\u00e1 la plataforma&nbsp;<a href=\"https:\/\/www.paypal.com\/es\/home\" target=\"_blank\" rel=\"noopener\">Pay-Pal<\/a>&nbsp;de pago seguro por internet para gestionar todos los cobros y pagos que se realicen relacionados con las donaciones. Los datos de pago los recoge la plataforma de pago, la web solo recoge el identificativo de la transacci\u00f3n que proporciona la plataforma de pago.<\/p>\n<h6><strong>Responsabilidades<\/strong><\/h6>\n<p>El Usuario responder\u00e1 de los da\u00f1os y perjuicios de toda naturaleza que AUI o cualquier tercero pueda sufrir como consecuencia del incumplimiento de cualquiera de las obligaciones a las que queda sometido por las presentes Condiciones Generales.<\/p>\n<p>AUI no asume ninguna responsabilidad ni realiza ning\u00fan control sobre los hiperv\u00ednculos que contenga la web a contenidos externos a la misma; no obstante, retirar\u00e1 aquellos enlaces que incluyan contenidos il\u00edcitos o que no sean respetuosos tan pronto como pueda conocerlo.<\/p>\n<h6><b>Propiedad Intelectual e Industrial<\/b><\/h6>\n<p><b><\/b>El Usuario reconoce que todos los contenidos de la web y, en concreto, de toda la informaci\u00f3n y materiales, la estructura, selecci\u00f3n, ordenaci\u00f3n y prestaci\u00f3n de sus contenidos, programas y desarrollo de aplicaciones utilizados en relaci\u00f3n con ellos, est\u00e1n protegidos por derechos de propiedad intelectual e industrial, propiedad del titular de la web o, en su caso, de terceros.<\/p>\n<p style=\"line-height: 16.5pt; background-image: initial; background-position: initial; background-size: initial; background-repeat: initial; background-attachment: initial; background-origin: initial; background-clip: initial;\"><span style=\"font-family: Arial, &quot;sans-serif&quot;;\">Todos los contenidos son\npropiedad de AUI, pueden ser utilizados por terceros en formato digital\n&nbsp;siempre que lo hagan con una referencia o enlace a la WEB\n(www.sanjudastadeo.io). Para su impresi\u00f3n en otros formatos (papel, grabados,\netc.) se requiere una autorizaci\u00f3n por escrito.<o:p><\/o:p><\/span><\/p>\n<h6><strong>Legislaci\u00f3n aplicable y jurisdicci\u00f3n<\/strong><\/h6>\n<p>Las presentes Condiciones Generales se regir\u00e1n por lo dispuesto en la legislaci\u00f3n espa\u00f1ola. Para cuantas cuestiones pudieran suscitarse entre las partes, en relaci\u00f3n con la interpretaci\u00f3n y ejecuci\u00f3n del presente documento, ambas partes acuerdan de forma expresa y con renuncia de cualquier otro fuero que pudiera corresponderles, a la Jurisdicci\u00f3n de los Juzgados y Tribunales de Madrid, Espa\u00f1a.<\/p>\t\t\t\t\t\t\t\t<\/div>\n\t\t\t\t<\/div>\n\t\t\t\t\t<\/div>\r\n\t\t\t\t<\/div>\r\n\t\t\t\t\t<\/div>\r\n\t\t\t\t<\/section>\r\n\t\t\t\t<\/div>\n\t\t","protected":false},"excerpt":{"rendered":"<p>CONDICIONES DE USO Y PRIVACIDAD Las presentes Condiciones Generales tienen por objeto regular las condiciones de uso del Sitio Web \u201cwww.sanjudastadeo.io\u201d (en adelante, \u201cla Web\u201d), cuyo titular es la ASOCIACI\u00d3N DE USUARIOS DE INTERNET (en adelante, AUI), con CIF G-81235996. AUI est\u00e1 inscrita en el Registro nacional de Asociaciones Ministerio de Interior en Espa\u00f1a, en [&hellip;]<\/p>\n","protected":false},"author":2,"featured_media":0,"parent":0,"menu_order":0,"comment_status":"closed","ping_status":"closed","template":"","meta":{"footnotes":""},"class_list":["post-2199","page","type-page","status-publish","hentry"],"_links":{"self":[{"href":"https:\/\/sanjudastadeo.io\/wordpress\/wp-json\/wp\/v2\/pages\/2199","targetHints":{"allow":["GET"]}}],"collection":[{"href":"https:\/\/sanjudastadeo.io\/wordpress\/wp-json\/wp\/v2\/pages"}],"about":[{"href":"https:\/\/sanjudastadeo.io\/wordpress\/wp-json\/wp\/v2\/types\/page"}],"author":[{"embeddable":true,"href":"https:\/\/sanjudastadeo.io\/wordpress\/wp-json\/wp\/v2\/users\/2"}],"replies":[{"embeddable":true,"href":"https:\/\/sanjudastadeo.io\/wordpress\/wp-json\/wp\/v2\/comments?post=2199"}],"version-history":[{"count":48,"href":"https:\/\/sanjudastadeo.io\/wordpress\/wp-json\/wp\/v2\/pages\/2199\/revisions"}],"predecessor-version":[{"id":5521,"href":"https:\/\/sanjudastadeo.io\/wordpress\/wp-json\/wp\/v2\/pages\/2199\/revisions\/5521"}],"wp:attachment":[{"href":"https:\/\/sanjudastadeo.io\/wordpress\/wp-json\/wp\/v2\/media?parent=2199"}],"curies":[{"name":"wp","href":"https:\/\/api.w.org\/{rel}","templated":true}]}}